{"id":441,"date":"2023-04-18T17:04:03","date_gmt":"2023-04-18T21:04:03","guid":{"rendered":"https:\/\/premusapc-inisa.ufms.br\/?page_id=441"},"modified":"2023-04-18T17:23:48","modified_gmt":"2023-04-18T21:23:48","slug":"listas-de-frequencia","status":"publish","type":"page","link":"https:\/\/premusapc-inisa.ufms.br\/?page_id=441","title":{"rendered":"Listas de Frequ\u00eancia"},"content":{"rendered":"<p>&nbsp;<\/p>\n<ul>\n<li><span style=\"font-family: arial, helvetica, sans-serif\"><a href=\"https:\/\/premusapc-inisa.ufms.br\/files\/2023\/04\/Folha-Frequencia-R1-\u2013-Campo-de-pratica.pdf\" target=\"_blank\" rel=\"noopener\">Folha Frequ\u00eancia R1 &#8211; Campo de Pr\u00e1tica (Download).<\/a><\/span><\/li>\n<\/ul>\n<p>&nbsp;<\/p>\n<ul>\n<li><span style=\"font-family: arial, helvetica, sans-serif\"><a href=\"https:\/\/premusapc-inisa.ufms.br\/?attachment_id=445\" target=\"_blank\" rel=\"noopener\">Folha Frequ\u00eancia R2 &#8211; Campo de Pr\u00e1tica (Download).<\/a><\/span><\/li>\n<\/ul>\n<p>&nbsp;<\/p>\n<ul>\n<li><span style=\"font-family: arial, helvetica, sans-serif\"><a href=\"https:\/\/premusapc-inisa.ufms.br\/files\/2023\/04\/Lista-Frequencia-\u2013-eixo-especifico.pdf\" target=\"_blank\" rel=\"noopener\">Lista de Frequ\u00eancia &#8211; Eixo Espec\u00edfico (Download).<\/a><\/span><\/li>\n<\/ul>\n<p>&nbsp;<\/p>\n<ul>\n<li><span style=\"font-family: arial, helvetica, sans-serif\"><a href=\"https:\/\/premusapc-inisa.ufms.br\/files\/2023\/04\/Lista-Frequencia-\u2013-Eixo-transversal-\u2013-Turma-2021-2022.docx\" target=\"_blank\" rel=\"noopener\">Lista Frequ\u00eancia &#8211; Eixo Transversal &#8211; Turma 2021-2022 (Download).<\/a><\/span><\/li>\n<\/ul>\n<p>&nbsp;<\/p>\n<ul>\n<li><span style=\"font-family: arial, helvetica, sans-serif\"><a href=\"https:\/\/premusapc-inisa.ufms.br\/files\/2023\/04\/Lista-Frequencia-\u2013-Eixo-transversal-\u2013-Turma-2022-2023.docx\" target=\"_blank\" rel=\"noopener\">Lista Frequ\u00eancia &#8211; Eixo Transversal &#8211; Turma 2022-2023 (Download).<\/a><\/span><\/li>\n<\/ul>\n<p>&nbsp;<\/p>\n<ul>\n<li><span style=\"font-family: arial, helvetica, sans-serif\"><a href=\"https:\/\/premusapc-inisa.ufms.br\/files\/2023\/04\/Lista-Frequencia-\u2013-eixo-transversal-1.pdf\" target=\"_blank\" rel=\"noopener\">Lista de Frequ\u00eancia &#8211; Eixo Transversal (Download).<\/a><\/span><\/li>\n<\/ul>\n<p>&nbsp;<\/p>\n","protected":false},"excerpt":{"rendered":"<p>&nbsp; Folha Frequ\u00eancia R1 &#8211; Campo de Pr\u00e1tica (Download). &nbsp; Folha Frequ\u00eancia R2 &#8211; Campo de Pr\u00e1tica (Download). &nbsp; Lista de Frequ\u00eancia &#8211; Eixo Espec\u00edfico (Download). &nbsp; Lista Frequ\u00eancia &#8211; Eixo Transversal &#8211; Turma 2021-2022 (Download). &nbsp; Lista Frequ\u00eancia &#8211; Eixo Transversal &#8211; Turma 2022-2023 (Download). &nbsp; Lista de Frequ\u00eancia &#8211; Eixo Transversal (Download). &nbsp;<\/p>\n","protected":false},"author":41454,"featured_media":0,"parent":0,"menu_order":0,"comment_status":"closed","ping_status":"closed","template":"","meta":{"footnotes":""},"coauthors":[],"class_list":["post-441","page","type-page","status-publish","hentry"],"_links":{"self":[{"href":"https:\/\/premusapc-inisa.ufms.br\/index.php?rest_route=\/wp\/v2\/pages\/441","targetHints":{"allow":["GET"]}}],"collection":[{"href":"https:\/\/premusapc-inisa.ufms.br\/index.php?rest_route=\/wp\/v2\/pages"}],"about":[{"href":"https:\/\/premusapc-inisa.ufms.br\/index.php?rest_route=\/wp\/v2\/types\/page"}],"author":[{"embeddable":true,"href":"https:\/\/premusapc-inisa.ufms.br\/index.php?rest_route=\/wp\/v2\/users\/41454"}],"replies":[{"embeddable":true,"href":"https:\/\/premusapc-inisa.ufms.br\/index.php?rest_route=%2Fwp%2Fv2%2Fcomments&post=441"}],"version-history":[{"count":10,"href":"https:\/\/premusapc-inisa.ufms.br\/index.php?rest_route=\/wp\/v2\/pages\/441\/revisions"}],"predecessor-version":[{"id":476,"href":"https:\/\/premusapc-inisa.ufms.br\/index.php?rest_route=\/wp\/v2\/pages\/441\/revisions\/476"}],"wp:attachment":[{"href":"https:\/\/premusapc-inisa.ufms.br\/index.php?rest_route=%2Fwp%2Fv2%2Fmedia&parent=441"}],"wp:term":[{"taxonomy":"author","embeddable":true,"href":"https:\/\/premusapc-inisa.ufms.br\/index.php?rest_route=%2Fwp%2Fv2%2Fcoauthors&post=441"}],"curies":[{"name":"wp","href":"https:\/\/api.w.org\/{rel}","templated":true}]}}