{"id":428,"date":"2023-04-18T16:39:28","date_gmt":"2023-04-18T20:39:28","guid":{"rendered":"https:\/\/premusapc-inisa.ufms.br\/?page_id=428"},"modified":"2023-04-18T16:51:20","modified_gmt":"2023-04-18T20:51:20","slug":"solicitacoes","status":"publish","type":"page","link":"https:\/\/premusapc-inisa.ufms.br\/?page_id=428","title":{"rendered":"Solicita\u00e7\u00f5es"},"content":{"rendered":"<p>&nbsp;<\/p>\n<ul>\n<li><span style=\"font-family: arial, helvetica, sans-serif\"><a href=\"https:\/\/premusapc-inisa.ufms.br\/files\/2023\/04\/Papel-timbrado-Premus-APC.docx\" target=\"_blank\" rel=\"noopener\">Papel timbrado &#8211; Premus APC (Download).<\/a><\/span><\/li>\n<\/ul>\n<p>&nbsp;<\/p>\n<ul>\n<li><a href=\"https:\/\/premusapc-inisa.ufms.br\/files\/2023\/04\/Solicitacao-Ausencia-Programada.docx\" target=\"_blank\" rel=\"noopener\"><span style=\"font-family: arial, helvetica, sans-serif\">Solicita\u00e7\u00e3o de Aus\u00eancia Programada (Download).<\/span><\/a><\/li>\n<\/ul>\n<p>&nbsp;<\/p>\n<ul>\n<li><a href=\"https:\/\/premusapc-inisa.ufms.br\/files\/2023\/04\/Solicitacao-para-participar-de-evento-cinetifico-inexterno-a-Campo-Grande.docx\" target=\"_blank\" rel=\"noopener\"><span style=\"font-family: arial, helvetica, sans-serif\">Solicita\u00e7\u00e3o para Participar de Evento Externo \u00e0 Campo Grande\/MS (Download).<\/span><\/a><\/li>\n<\/ul>\n<p>&nbsp;<\/p>\n","protected":false},"excerpt":{"rendered":"<p>&nbsp; Papel timbrado &#8211; Premus APC (Download). &nbsp; Solicita\u00e7\u00e3o de Aus\u00eancia Programada (Download). &nbsp; Solicita\u00e7\u00e3o para Participar de Evento Externo \u00e0 Campo Grande\/MS (Download). &nbsp;<\/p>\n","protected":false},"author":41454,"featured_media":0,"parent":0,"menu_order":0,"comment_status":"closed","ping_status":"closed","template":"","meta":{"footnotes":""},"coauthors":[],"class_list":["post-428","page","type-page","status-publish","hentry"],"_links":{"self":[{"href":"https:\/\/premusapc-inisa.ufms.br\/index.php?rest_route=\/wp\/v2\/pages\/428","targetHints":{"allow":["GET"]}}],"collection":[{"href":"https:\/\/premusapc-inisa.ufms.br\/index.php?rest_route=\/wp\/v2\/pages"}],"about":[{"href":"https:\/\/premusapc-inisa.ufms.br\/index.php?rest_route=\/wp\/v2\/types\/page"}],"author":[{"embeddable":true,"href":"https:\/\/premusapc-inisa.ufms.br\/index.php?rest_route=\/wp\/v2\/users\/41454"}],"replies":[{"embeddable":true,"href":"https:\/\/premusapc-inisa.ufms.br\/index.php?rest_route=%2Fwp%2Fv2%2Fcomments&post=428"}],"version-history":[{"count":6,"href":"https:\/\/premusapc-inisa.ufms.br\/index.php?rest_route=\/wp\/v2\/pages\/428\/revisions"}],"predecessor-version":[{"id":435,"href":"https:\/\/premusapc-inisa.ufms.br\/index.php?rest_route=\/wp\/v2\/pages\/428\/revisions\/435"}],"wp:attachment":[{"href":"https:\/\/premusapc-inisa.ufms.br\/index.php?rest_route=%2Fwp%2Fv2%2Fmedia&parent=428"}],"wp:term":[{"taxonomy":"author","embeddable":true,"href":"https:\/\/premusapc-inisa.ufms.br\/index.php?rest_route=%2Fwp%2Fv2%2Fcoauthors&post=428"}],"curies":[{"name":"wp","href":"https:\/\/api.w.org\/{rel}","templated":true}]}}