{"id":419,"date":"2023-04-18T16:34:28","date_gmt":"2023-04-18T20:34:28","guid":{"rendered":"https:\/\/premusapc-inisa.ufms.br\/?page_id=419"},"modified":"2023-04-18T16:38:04","modified_gmt":"2023-04-18T20:38:04","slug":"procedimentos-para-tcr","status":"publish","type":"page","link":"https:\/\/premusapc-inisa.ufms.br\/?page_id=419","title":{"rendered":"Procedimentos para TCR"},"content":{"rendered":"<p>&nbsp;<\/p>\n<ul>\n<li><span style=\"font-family: arial, helvetica, sans-serif\"><a href=\"https:\/\/premusapc-inisa.ufms.br\/files\/2023\/04\/Agendamento-da-Defesa.docx\" target=\"_blank\" rel=\"noopener\">Requerimento de Agendamento da Defesa do Trabalho de Conclus\u00e3o de Resid\u00eancia (TCR).<\/a><\/span><\/li>\n<\/ul>\n<p>&nbsp;<\/p>\n<ul>\n<li><span style=\"font-family: arial, helvetica, sans-serif\"><a href=\"https:\/\/premusapc-inisa.ufms.br\/files\/2023\/04\/Avaliacao-do-processo-de-orientacao.docx\" target=\"_blank\" rel=\"noopener\">Avalia\u00e7\u00e3o do Processo de Orienta\u00e7\u00e3o pelo Orientador.<\/a><\/span><\/li>\n<\/ul>\n<p>&nbsp;<\/p>\n<ul>\n<li><span style=\"font-family: arial, helvetica, sans-serif\"><a href=\"https:\/\/premusapc-inisa.ufms.br\/files\/2023\/04\/Declaracao-de-aceite-de-orientacao.docx\" target=\"_blank\" rel=\"noopener\">Declara\u00e7\u00e3o de Aceite de Orienta\u00e7\u00e3o.<\/a><\/span><\/li>\n<\/ul>\n<p>&nbsp;<\/p>\n<ul>\n<li><span style=\"font-family: arial, helvetica, sans-serif\"><a href=\"https:\/\/premusapc-inisa.ufms.br\/files\/2023\/04\/Ficha-de-Avaliacao-.docx\" target=\"_blank\" rel=\"noopener\">Ficha de Avalia\u00e7\u00e3o do Trabalho de Conclus\u00e3o de Resid\u00eancia (TCR).<\/a><\/span><\/li>\n<\/ul>\n<p>&nbsp;<\/p>\n<ul>\n<li><span style=\"font-family: arial, helvetica, sans-serif\"><a href=\"https:\/\/premusapc-inisa.ufms.br\/files\/2023\/04\/Regulamento-do-TCR-Premus-APC.pdf\" target=\"_blank\" rel=\"noopener\">Regulamento do Trabalho de Conclus\u00e3o de Resid\u00eancia (TCR).<\/a><\/span><\/li>\n<\/ul>\n<p>&nbsp;<\/p>\n","protected":false},"excerpt":{"rendered":"<p>&nbsp; Requerimento de Agendamento da Defesa do Trabalho de Conclus\u00e3o de Resid\u00eancia (TCR). &nbsp; Avalia\u00e7\u00e3o do Processo de Orienta\u00e7\u00e3o pelo Orientador. &nbsp; Declara\u00e7\u00e3o de Aceite de Orienta\u00e7\u00e3o. &nbsp; Ficha de Avalia\u00e7\u00e3o do Trabalho de Conclus\u00e3o de Resid\u00eancia (TCR). &nbsp; Regulamento do Trabalho de Conclus\u00e3o de Resid\u00eancia (TCR). &nbsp;<\/p>\n","protected":false},"author":41454,"featured_media":0,"parent":0,"menu_order":0,"comment_status":"closed","ping_status":"closed","template":"","meta":{"footnotes":""},"coauthors":[],"class_list":["post-419","page","type-page","status-publish","hentry"],"_links":{"self":[{"href":"https:\/\/premusapc-inisa.ufms.br\/index.php?rest_route=\/wp\/v2\/pages\/419","targetHints":{"allow":["GET"]}}],"collection":[{"href":"https:\/\/premusapc-inisa.ufms.br\/index.php?rest_route=\/wp\/v2\/pages"}],"about":[{"href":"https:\/\/premusapc-inisa.ufms.br\/index.php?rest_route=\/wp\/v2\/types\/page"}],"author":[{"embeddable":true,"href":"https:\/\/premusapc-inisa.ufms.br\/index.php?rest_route=\/wp\/v2\/users\/41454"}],"replies":[{"embeddable":true,"href":"https:\/\/premusapc-inisa.ufms.br\/index.php?rest_route=%2Fwp%2Fv2%2Fcomments&post=419"}],"version-history":[{"count":6,"href":"https:\/\/premusapc-inisa.ufms.br\/index.php?rest_route=\/wp\/v2\/pages\/419\/revisions"}],"predecessor-version":[{"id":426,"href":"https:\/\/premusapc-inisa.ufms.br\/index.php?rest_route=\/wp\/v2\/pages\/419\/revisions\/426"}],"wp:attachment":[{"href":"https:\/\/premusapc-inisa.ufms.br\/index.php?rest_route=%2Fwp%2Fv2%2Fmedia&parent=419"}],"wp:term":[{"taxonomy":"author","embeddable":true,"href":"https:\/\/premusapc-inisa.ufms.br\/index.php?rest_route=%2Fwp%2Fv2%2Fcoauthors&post=419"}],"curies":[{"name":"wp","href":"https:\/\/api.w.org\/{rel}","templated":true}]}}