{"id":24,"date":"2023-04-12T16:16:10","date_gmt":"2023-04-12T20:16:10","guid":{"rendered":"https:\/\/premusapc-inisa.ufms.br\/?page_id=24"},"modified":"2023-04-13T14:08:55","modified_gmt":"2023-04-13T18:08:55","slug":"conheca-o-premus-apc","status":"publish","type":"page","link":"https:\/\/premusapc-inisa.ufms.br\/?page_id=24","title":{"rendered":"Conhe\u00e7a o Premus APC"},"content":{"rendered":"<h2><\/h2>\n<h2><\/h2>\n<h2><strong>Apresenta\u00e7\u00e3o<\/strong><\/h2>\n<p>A Resid\u00eancia Integrada Multiprofissional em Sa\u00fade (RIMS) constitui modalidade de ensino de p\u00f3s-gradua\u00e7\u00e3o lato sensu. Trata-se de um curso de especializa\u00e7\u00e3o subordinado \u00e0 \u00e1rea tem\u00e1tica 2 da CNRMS \u2013 Intensivismo, Urg\u00eancia e Emerg\u00eancia \u2013, caracterizado por ensino em servi\u00e7o na perspectiva do trabalho interdisciplinar, com carga hor\u00e1ria de 60 horas semanais e dura\u00e7\u00e3o m\u00ednima de dois anos, com recebimento de bolsa de estudos.<\/p>\n<p>A RIMS foi criada em 2010 e atualmente oferece 18 vagas anuais, estratificadas em 5 categorias profissionais: 4 Enfermeiros, 4 Farmac\u00eauticos, 4 Fisioterapeutas, 4 Nutricionistas e 2 Odont\u00f3logos. Os residentes cursam 1.152 horas (20%) de disciplinas te\u00f3ricas e 4.608 horas (80%) de pr\u00e1ticas, com aulas em laborat\u00f3rios especializados e est\u00e1gios em enfermarias e unidades de terapia intensiva gerais e especializadas de tr\u00eas hospitais de ensino.<\/p>\n<p>Pautado numa forma\u00e7\u00e3o humanista, hol\u00edstica, cr\u00edtica, reflexiva, t\u00e9cnico-cient\u00edfico e baseada nos princ\u00edpios do SUS, almeja-se que o egresso da RIMS tenha experi\u00eancia pr\u00e1tica interdisciplinar para atuar junto ao paciente cr\u00edtico, com diferentes fazeres e saberes.<\/p>\n<p><strong>Coordenador da RIMS:<\/strong>\u00a0Prof. Dr. Oleci Pereira Frota<br \/>\n<strong>Coordenadora da Coremu<\/strong>: Profa. Dra. Camila Guimaraes Polisel<br \/>\n<strong>Informa\u00e7\u00f5es<\/strong>:\u00a0<a href=\"mailto:premusapc.inisa@ufms.br\">premusapc.inisa@ufms.br<\/a>\u00a0ou (67) 3345-7768<\/p>\n","protected":false},"excerpt":{"rendered":"<p>Apresenta\u00e7\u00e3o A Resid\u00eancia Integrada Multiprofissional em Sa\u00fade (RIMS) constitui modalidade de ensino de p\u00f3s-gradua\u00e7\u00e3o lato sensu. Trata-se de um curso de especializa\u00e7\u00e3o subordinado \u00e0 \u00e1rea tem\u00e1tica 2 da CNRMS \u2013 Intensivismo, Urg\u00eancia e Emerg\u00eancia \u2013, caracterizado por ensino em servi\u00e7o na perspectiva do trabalho interdisciplinar, com carga hor\u00e1ria de 60 horas semanais e dura\u00e7\u00e3o m\u00ednima [&hellip;]<\/p>\n","protected":false},"author":41454,"featured_media":19,"parent":0,"menu_order":0,"comment_status":"closed","ping_status":"closed","template":"page-templates\/page-coordenadorias.php","meta":{"footnotes":""},"coauthors":[],"class_list":["post-24","page","type-page","status-publish","has-post-thumbnail","hentry"],"_links":{"self":[{"href":"https:\/\/premusapc-inisa.ufms.br\/index.php?rest_route=\/wp\/v2\/pages\/24","targetHints":{"allow":["GET"]}}],"collection":[{"href":"https:\/\/premusapc-inisa.ufms.br\/index.php?rest_route=\/wp\/v2\/pages"}],"about":[{"href":"https:\/\/premusapc-inisa.ufms.br\/index.php?rest_route=\/wp\/v2\/types\/page"}],"author":[{"embeddable":true,"href":"https:\/\/premusapc-inisa.ufms.br\/index.php?rest_route=\/wp\/v2\/users\/41454"}],"replies":[{"embeddable":true,"href":"https:\/\/premusapc-inisa.ufms.br\/index.php?rest_route=%2Fwp%2Fv2%2Fcomments&post=24"}],"version-history":[{"count":3,"href":"https:\/\/premusapc-inisa.ufms.br\/index.php?rest_route=\/wp\/v2\/pages\/24\/revisions"}],"predecessor-version":[{"id":47,"href":"https:\/\/premusapc-inisa.ufms.br\/index.php?rest_route=\/wp\/v2\/pages\/24\/revisions\/47"}],"wp:featuredmedia":[{"embeddable":true,"href":"https:\/\/premusapc-inisa.ufms.br\/index.php?rest_route=\/wp\/v2\/media\/19"}],"wp:attachment":[{"href":"https:\/\/premusapc-inisa.ufms.br\/index.php?rest_route=%2Fwp%2Fv2%2Fmedia&parent=24"}],"wp:term":[{"taxonomy":"author","embeddable":true,"href":"https:\/\/premusapc-inisa.ufms.br\/index.php?rest_route=%2Fwp%2Fv2%2Fcoauthors&post=24"}],"curies":[{"name":"wp","href":"https:\/\/api.w.org\/{rel}","templated":true}]}}