{"id":206,"date":"2023-04-14T10:59:05","date_gmt":"2023-04-14T14:59:05","guid":{"rendered":"https:\/\/premusapc-inisa.ufms.br\/?page_id=206"},"modified":"2023-04-18T16:33:05","modified_gmt":"2023-04-18T20:33:05","slug":"instrumentos-avaliativos-de-pratica","status":"publish","type":"page","link":"https:\/\/premusapc-inisa.ufms.br\/?page_id=206","title":{"rendered":"Instrumentos Avaliativos de Pr\u00e1tica"},"content":{"rendered":"<p>&nbsp;<\/p>\n<ul>\n<li><span style=\"font-family: arial, helvetica, sans-serif\"><a href=\"https:\/\/premusapc-inisa.ufms.br\/files\/2023\/04\/Estudo-de-Caso-%E2%80%93-Ficha-avaliacao-GRUPO.pdf\" target=\"_blank\" rel=\"noopener\">Ficha de Avalia\u00e7\u00e3o de Estudo de Caso \u2013 Grupo.<\/a><\/span><\/li>\n<\/ul>\n<p>&nbsp;<\/p>\n<ul>\n<li><span style=\"font-family: arial, helvetica, sans-serif\"><a href=\"https:\/\/premusapc-inisa.ufms.br\/files\/2023\/04\/Estudo-de-Caso-%E2%80%93-Ficha-avaliacao-INDIVIDUAL.pdf\" target=\"_blank\" rel=\"noopener\">Ficha de Avalia\u00e7\u00e3o de Estudo de Caso \u2013 Individual.<\/a><\/span><\/li>\n<\/ul>\n<p>&nbsp;<\/p>\n<ul>\n<li><span style=\"font-family: arial, helvetica, sans-serif\"><a href=\"https:\/\/premusapc-inisa.ufms.br\/files\/2023\/04\/Ficha-de-avaliacao-%E2%80%93-PORTFOLIO.pdf\" target=\"_blank\" rel=\"noopener\">Ficha de Avalia\u00e7\u00e3o &#8211; Portf\u00f3lio.<\/a><\/span><\/li>\n<\/ul>\n<p>&nbsp;<\/p>\n<ul>\n<li><span style=\"font-family: arial, helvetica, sans-serif\"><a href=\"https:\/\/premusapc-inisa.ufms.br\/files\/2023\/04\/Ficha-de-avaliacao-conceitual.pdf\" target=\"_blank\" rel=\"noopener\">Ficha de Avalia\u00e7\u00e3o &#8211; Conceitual.<\/a><\/span><\/li>\n<\/ul>\n<p>&nbsp;<\/p>\n","protected":false},"excerpt":{"rendered":"<p>&nbsp; Ficha de Avalia\u00e7\u00e3o de Estudo de Caso \u2013 Grupo. &nbsp; Ficha de Avalia\u00e7\u00e3o de Estudo de Caso \u2013 Individual. &nbsp; Ficha de Avalia\u00e7\u00e3o &#8211; Portf\u00f3lio. &nbsp; Ficha de Avalia\u00e7\u00e3o &#8211; Conceitual. &nbsp;<\/p>\n","protected":false},"author":41454,"featured_media":0,"parent":0,"menu_order":0,"comment_status":"closed","ping_status":"closed","template":"","meta":{"footnotes":""},"coauthors":[],"class_list":["post-206","page","type-page","status-publish","hentry"],"_links":{"self":[{"href":"https:\/\/premusapc-inisa.ufms.br\/index.php?rest_route=\/wp\/v2\/pages\/206","targetHints":{"allow":["GET"]}}],"collection":[{"href":"https:\/\/premusapc-inisa.ufms.br\/index.php?rest_route=\/wp\/v2\/pages"}],"about":[{"href":"https:\/\/premusapc-inisa.ufms.br\/index.php?rest_route=\/wp\/v2\/types\/page"}],"author":[{"embeddable":true,"href":"https:\/\/premusapc-inisa.ufms.br\/index.php?rest_route=\/wp\/v2\/users\/41454"}],"replies":[{"embeddable":true,"href":"https:\/\/premusapc-inisa.ufms.br\/index.php?rest_route=%2Fwp%2Fv2%2Fcomments&post=206"}],"version-history":[{"count":7,"href":"https:\/\/premusapc-inisa.ufms.br\/index.php?rest_route=\/wp\/v2\/pages\/206\/revisions"}],"predecessor-version":[{"id":417,"href":"https:\/\/premusapc-inisa.ufms.br\/index.php?rest_route=\/wp\/v2\/pages\/206\/revisions\/417"}],"wp:attachment":[{"href":"https:\/\/premusapc-inisa.ufms.br\/index.php?rest_route=%2Fwp%2Fv2%2Fmedia&parent=206"}],"wp:term":[{"taxonomy":"author","embeddable":true,"href":"https:\/\/premusapc-inisa.ufms.br\/index.php?rest_route=%2Fwp%2Fv2%2Fcoauthors&post=206"}],"curies":[{"name":"wp","href":"https:\/\/api.w.org\/{rel}","templated":true}]}}