{"id":203,"date":"2023-04-14T10:55:30","date_gmt":"2023-04-14T14:55:30","guid":{"rendered":"https:\/\/premusapc-inisa.ufms.br\/?page_id=203"},"modified":"2023-04-19T14:15:59","modified_gmt":"2023-04-19T18:15:59","slug":"regulamentos-e-normas","status":"publish","type":"page","link":"https:\/\/premusapc-inisa.ufms.br\/?page_id=203","title":{"rendered":"Normas e Regulamentos"},"content":{"rendered":"<p>&nbsp;<\/p>\n<ul>\n<li><span style=\"font-family: arial, helvetica, sans-serif\"><a href=\"https:\/\/premusapc-inisa.ufms.br\/files\/2023\/04\/Matriz-curricular-Premus-APC-1.pdf\" target=\"_blank\" rel=\"noopener\">Mat<span style=\"font-family: arial, helvetica, sans-serif\">riz Curricular do Programa do Premus APC.<\/span><\/a><\/span><\/li>\n<\/ul>\n<p>&nbsp;<\/p>\n<ul>\n<li><span style=\"font-family: arial, helvetica, sans-serif\"><a href=\"https:\/\/premusapc-inisa.ufms.br\/files\/2023\/04\/Projeto-Pedagogico-PREMUS-APC.pdf\" target=\"_blank\" rel=\"noopener\">Projeto Pedag\u00f3gico do Premus APC.<\/a><\/span><\/li>\n<\/ul>\n<p>&nbsp;<\/p>\n<ul>\n<li><span style=\"font-family: arial, helvetica, sans-serif\"><a href=\"https:\/\/premusapc-inisa.ufms.br\/files\/2023\/04\/Regulamento-Interno-PREMUS-APC.pdf\" target=\"_blank\" rel=\"noopener\">Regulamento Interno do Premus APC.<\/a><\/span><\/li>\n<\/ul>\n<p>&nbsp;<\/p>\n<ul>\n<li><span style=\"font-family: arial, helvetica, sans-serif\"><a href=\"https:\/\/premusapc-inisa.ufms.br\/files\/2023\/04\/Diretrizes-Gerais-CNRM.pdf\" target=\"_blank\" rel=\"noopener\">Diretrizes Gerais dos Programas de Resid\u00eancia Multiprofissional e em \u00c1rea Profissional da Sa\u00fade.<\/a><\/span><\/li>\n<\/ul>\n<p>&nbsp;<\/p>\n<ul>\n<li><span style=\"font-family: arial, helvetica, sans-serif\"><a href=\"https:\/\/premusapc-inisa.ufms.br\/files\/2023\/04\/Regime-Disciplinar-Discente-da-UFMS.pdf\" target=\"_blank\" rel=\"noopener\">Regulamento Disciplinar do Estudante UFMS.<\/a><\/span><\/li>\n<\/ul>\n<p>&nbsp;<\/p>\n<ul>\n<li><span style=\"font-family: arial, helvetica, sans-serif\"><a href=\"https:\/\/premusapc-inisa.ufms.br\/files\/2023\/04\/Regimento-Geral-UFMS.pdf\" target=\"_blank\" rel=\"noopener\">Regimento Geral da UFMS.<\/a><\/span><\/li>\n<\/ul>\n<p>&nbsp;<\/p>\n","protected":false},"excerpt":{"rendered":"<p>&nbsp; Matriz Curricular do Programa do Premus APC. &nbsp; Projeto Pedag\u00f3gico do Premus APC. &nbsp; Regulamento Interno do Premus APC. &nbsp; Diretrizes Gerais dos Programas de Resid\u00eancia Multiprofissional e em \u00c1rea Profissional da Sa\u00fade. &nbsp; Regulamento Disciplinar do Estudante UFMS. &nbsp; Regimento Geral da UFMS. &nbsp;<\/p>\n","protected":false},"author":41454,"featured_media":0,"parent":0,"menu_order":0,"comment_status":"closed","ping_status":"closed","template":"","meta":{"footnotes":""},"coauthors":[],"class_list":["post-203","page","type-page","status-publish","hentry"],"_links":{"self":[{"href":"https:\/\/premusapc-inisa.ufms.br\/index.php?rest_route=\/wp\/v2\/pages\/203","targetHints":{"allow":["GET"]}}],"collection":[{"href":"https:\/\/premusapc-inisa.ufms.br\/index.php?rest_route=\/wp\/v2\/pages"}],"about":[{"href":"https:\/\/premusapc-inisa.ufms.br\/index.php?rest_route=\/wp\/v2\/types\/page"}],"author":[{"embeddable":true,"href":"https:\/\/premusapc-inisa.ufms.br\/index.php?rest_route=\/wp\/v2\/users\/41454"}],"replies":[{"embeddable":true,"href":"https:\/\/premusapc-inisa.ufms.br\/index.php?rest_route=%2Fwp%2Fv2%2Fcomments&post=203"}],"version-history":[{"count":22,"href":"https:\/\/premusapc-inisa.ufms.br\/index.php?rest_route=\/wp\/v2\/pages\/203\/revisions"}],"predecessor-version":[{"id":583,"href":"https:\/\/premusapc-inisa.ufms.br\/index.php?rest_route=\/wp\/v2\/pages\/203\/revisions\/583"}],"wp:attachment":[{"href":"https:\/\/premusapc-inisa.ufms.br\/index.php?rest_route=%2Fwp%2Fv2%2Fmedia&parent=203"}],"wp:term":[{"taxonomy":"author","embeddable":true,"href":"https:\/\/premusapc-inisa.ufms.br\/index.php?rest_route=%2Fwp%2Fv2%2Fcoauthors&post=203"}],"curies":[{"name":"wp","href":"https:\/\/api.w.org\/{rel}","templated":true}]}}