{"id":160,"date":"2023-04-14T09:19:33","date_gmt":"2023-04-14T13:19:33","guid":{"rendered":"https:\/\/premusapc-inisa.ufms.br\/?page_id=160"},"modified":"2023-04-14T09:31:31","modified_gmt":"2023-04-14T13:31:31","slug":"laboratorios","status":"publish","type":"page","link":"https:\/\/premusapc-inisa.ufms.br\/?page_id=160","title":{"rendered":"Laborat\u00f3rios"},"content":{"rendered":"<p><span style=\"font-family: arial, helvetica, sans-serif\">O Instituto Integrado de Sa\u00fade (Inisa) oferece aos seus Cursos de Gradua\u00e7\u00e3o e de P\u00f3s-Gradua\u00e7\u00e3o Stricto e Latu Sensu laborat\u00f3rios multiprofissionais na \u00e1rea de sa\u00fade com equipamentos modernos e servidoras especializadas na operacionaliza\u00e7\u00e3o dos seus recursos did\u00e1ticos.<\/span><\/p>\n<h4><span style=\"font-family: arial, helvetica, sans-serif\">Laborat\u00f3rio de Habilidades em Enfermagem &#8211; LHE<\/span><\/h4>\n<p><a href=\"https:\/\/premusapc-inisa.ufms.br\/files\/2023\/04\/LHE-1.jpeg\"><img fetchpriority=\"high\" decoding=\"async\" class=\"alignnone size-medium wp-image-166\" src=\"https:\/\/premusapc-inisa.ufms.br\/files\/2023\/04\/LHE-1-300x225.jpeg\" alt=\"\" width=\"300\" height=\"225\" srcset=\"https:\/\/premusapc-inisa.ufms.br\/files\/2023\/04\/LHE-1-300x225.jpeg 300w, https:\/\/premusapc-inisa.ufms.br\/files\/2023\/04\/LHE-1-768x576.jpeg 768w, https:\/\/premusapc-inisa.ufms.br\/files\/2023\/04\/LHE-1-427x320.jpeg 427w, https:\/\/premusapc-inisa.ufms.br\/files\/2023\/04\/LHE-1.jpeg 1024w\" sizes=\"(max-width: 300px) 100vw, 300px\" \/><\/a> <a href=\"https:\/\/premusapc-inisa.ufms.br\/files\/2023\/04\/LHE-5.jpeg\"><img decoding=\"async\" class=\"alignnone size-medium wp-image-167\" src=\"https:\/\/premusapc-inisa.ufms.br\/files\/2023\/04\/LHE-5-300x225.jpeg\" alt=\"\" width=\"300\" height=\"225\" srcset=\"https:\/\/premusapc-inisa.ufms.br\/files\/2023\/04\/LHE-5-300x225.jpeg 300w, https:\/\/premusapc-inisa.ufms.br\/files\/2023\/04\/LHE-5-768x576.jpeg 768w, https:\/\/premusapc-inisa.ufms.br\/files\/2023\/04\/LHE-5-427x320.jpeg 427w, https:\/\/premusapc-inisa.ufms.br\/files\/2023\/04\/LHE-5.jpeg 1024w\" sizes=\"(max-width: 300px) 100vw, 300px\" \/><\/a> <a href=\"https:\/\/premusapc-inisa.ufms.br\/files\/2023\/04\/LHE.jpeg\"><img decoding=\"async\" class=\"alignnone size-medium wp-image-168\" src=\"https:\/\/premusapc-inisa.ufms.br\/files\/2023\/04\/LHE-300x225.jpeg\" alt=\"\" width=\"300\" height=\"225\" srcset=\"https:\/\/premusapc-inisa.ufms.br\/files\/2023\/04\/LHE-300x225.jpeg 300w, https:\/\/premusapc-inisa.ufms.br\/files\/2023\/04\/LHE-768x576.jpeg 768w, https:\/\/premusapc-inisa.ufms.br\/files\/2023\/04\/LHE-427x320.jpeg 427w, https:\/\/premusapc-inisa.ufms.br\/files\/2023\/04\/LHE.jpeg 1024w\" sizes=\"(max-width: 300px) 100vw, 300px\" \/><\/a><\/p>\n<h4><span style=\"font-family: arial, helvetica, sans-serif\">Manequins do LHE<\/span><\/h4>\n<p><span style=\"font-family: arial, helvetica, sans-serif\"><a href=\"https:\/\/premusapc-inisa.ufms.br\/files\/2023\/04\/LHE-2.jpeg\"><img loading=\"lazy\" decoding=\"async\" class=\"alignnone size-medium wp-image-169\" src=\"https:\/\/premusapc-inisa.ufms.br\/files\/2023\/04\/LHE-2-300x225.jpeg\" alt=\"\" width=\"300\" height=\"225\" srcset=\"https:\/\/premusapc-inisa.ufms.br\/files\/2023\/04\/LHE-2-300x225.jpeg 300w, https:\/\/premusapc-inisa.ufms.br\/files\/2023\/04\/LHE-2-768x576.jpeg 768w, https:\/\/premusapc-inisa.ufms.br\/files\/2023\/04\/LHE-2-427x320.jpeg 427w, https:\/\/premusapc-inisa.ufms.br\/files\/2023\/04\/LHE-2.jpeg 1024w\" sizes=\"(max-width: 300px) 100vw, 300px\" \/><\/a> <a href=\"https:\/\/premusapc-inisa.ufms.br\/files\/2023\/04\/LHE-3.jpeg\"><img loading=\"lazy\" decoding=\"async\" class=\"alignnone size-medium wp-image-170\" src=\"https:\/\/premusapc-inisa.ufms.br\/files\/2023\/04\/LHE-3-300x225.jpeg\" alt=\"\" width=\"300\" height=\"225\" srcset=\"https:\/\/premusapc-inisa.ufms.br\/files\/2023\/04\/LHE-3-300x225.jpeg 300w, https:\/\/premusapc-inisa.ufms.br\/files\/2023\/04\/LHE-3-768x576.jpeg 768w, https:\/\/premusapc-inisa.ufms.br\/files\/2023\/04\/LHE-3-427x320.jpeg 427w, https:\/\/premusapc-inisa.ufms.br\/files\/2023\/04\/LHE-3.jpeg 1024w\" sizes=\"(max-width: 300px) 100vw, 300px\" \/><\/a> <a href=\"https:\/\/premusapc-inisa.ufms.br\/files\/2023\/04\/LHE-4.jpeg\"><img loading=\"lazy\" decoding=\"async\" class=\"alignnone size-medium wp-image-171\" src=\"https:\/\/premusapc-inisa.ufms.br\/files\/2023\/04\/LHE-4-300x225.jpeg\" alt=\"\" width=\"300\" height=\"225\" srcset=\"https:\/\/premusapc-inisa.ufms.br\/files\/2023\/04\/LHE-4-300x225.jpeg 300w, https:\/\/premusapc-inisa.ufms.br\/files\/2023\/04\/LHE-4-768x576.jpeg 768w, https:\/\/premusapc-inisa.ufms.br\/files\/2023\/04\/LHE-4-427x320.jpeg 427w, https:\/\/premusapc-inisa.ufms.br\/files\/2023\/04\/LHE-4.jpeg 1024w\" sizes=\"(max-width: 300px) 100vw, 300px\" \/><\/a><\/span><\/p>\n<h4><span style=\"font-family: arial, helvetica, sans-serif\">Laborat\u00f3rio Tem\u00e1tico de Urg\u00eancia &#8211; LTU<\/span><\/h4>\n<p><a href=\"https:\/\/premusapc-inisa.ufms.br\/files\/2023\/04\/LTU.jpeg\"><img loading=\"lazy\" decoding=\"async\" class=\"alignnone size-medium wp-image-173\" src=\"https:\/\/premusapc-inisa.ufms.br\/files\/2023\/04\/LTU-300x225.jpeg\" alt=\"\" width=\"300\" height=\"225\" srcset=\"https:\/\/premusapc-inisa.ufms.br\/files\/2023\/04\/LTU-300x225.jpeg 300w, https:\/\/premusapc-inisa.ufms.br\/files\/2023\/04\/LTU-768x576.jpeg 768w, https:\/\/premusapc-inisa.ufms.br\/files\/2023\/04\/LTU-427x320.jpeg 427w, https:\/\/premusapc-inisa.ufms.br\/files\/2023\/04\/LTU.jpeg 1024w\" sizes=\"(max-width: 300px) 100vw, 300px\" \/><\/a> <a href=\"https:\/\/premusapc-inisa.ufms.br\/files\/2023\/04\/LTU-4.jpeg\"><img loading=\"lazy\" decoding=\"async\" class=\"alignnone size-medium wp-image-174\" src=\"https:\/\/premusapc-inisa.ufms.br\/files\/2023\/04\/LTU-4-300x225.jpeg\" alt=\"\" width=\"300\" height=\"225\" srcset=\"https:\/\/premusapc-inisa.ufms.br\/files\/2023\/04\/LTU-4-300x225.jpeg 300w, https:\/\/premusapc-inisa.ufms.br\/files\/2023\/04\/LTU-4-768x576.jpeg 768w, https:\/\/premusapc-inisa.ufms.br\/files\/2023\/04\/LTU-4-427x320.jpeg 427w, https:\/\/premusapc-inisa.ufms.br\/files\/2023\/04\/LTU-4.jpeg 1024w\" sizes=\"(max-width: 300px) 100vw, 300px\" \/><\/a><\/p>\n<h4><span style=\"font-family: arial, helvetica, sans-serif\">Manequins do LTU<\/span><\/h4>\n<h4><a href=\"https:\/\/premusapc-inisa.ufms.br\/files\/2023\/04\/LTU-5.jpeg\"><img loading=\"lazy\" decoding=\"async\" class=\"alignnone size-medium wp-image-175\" src=\"https:\/\/premusapc-inisa.ufms.br\/files\/2023\/04\/LTU-5-300x225.jpeg\" alt=\"\" width=\"300\" height=\"225\" srcset=\"https:\/\/premusapc-inisa.ufms.br\/files\/2023\/04\/LTU-5-300x225.jpeg 300w, https:\/\/premusapc-inisa.ufms.br\/files\/2023\/04\/LTU-5-768x576.jpeg 768w, https:\/\/premusapc-inisa.ufms.br\/files\/2023\/04\/LTU-5-427x320.jpeg 427w, https:\/\/premusapc-inisa.ufms.br\/files\/2023\/04\/LTU-5.jpeg 1024w\" sizes=\"(max-width: 300px) 100vw, 300px\" \/><\/a> <a href=\"https:\/\/premusapc-inisa.ufms.br\/files\/2023\/04\/LTU-3.jpeg\"><img loading=\"lazy\" decoding=\"async\" class=\"alignnone size-medium wp-image-176\" src=\"https:\/\/premusapc-inisa.ufms.br\/files\/2023\/04\/LTU-3-300x225.jpeg\" alt=\"\" width=\"300\" height=\"225\" srcset=\"https:\/\/premusapc-inisa.ufms.br\/files\/2023\/04\/LTU-3-300x225.jpeg 300w, https:\/\/premusapc-inisa.ufms.br\/files\/2023\/04\/LTU-3-768x576.jpeg 768w, https:\/\/premusapc-inisa.ufms.br\/files\/2023\/04\/LTU-3-427x320.jpeg 427w, https:\/\/premusapc-inisa.ufms.br\/files\/2023\/04\/LTU-3.jpeg 1024w\" sizes=\"(max-width: 300px) 100vw, 300px\" \/><\/a> <a href=\"https:\/\/premusapc-inisa.ufms.br\/files\/2023\/04\/LTU-2.jpeg\"><img loading=\"lazy\" decoding=\"async\" class=\"alignnone size-medium wp-image-177\" src=\"https:\/\/premusapc-inisa.ufms.br\/files\/2023\/04\/LTU-2-300x225.jpeg\" alt=\"\" width=\"300\" height=\"225\" srcset=\"https:\/\/premusapc-inisa.ufms.br\/files\/2023\/04\/LTU-2-300x225.jpeg 300w, https:\/\/premusapc-inisa.ufms.br\/files\/2023\/04\/LTU-2-768x576.jpeg 768w, https:\/\/premusapc-inisa.ufms.br\/files\/2023\/04\/LTU-2-427x320.jpeg 427w, https:\/\/premusapc-inisa.ufms.br\/files\/2023\/04\/LTU-2.jpeg 1024w\" sizes=\"(max-width: 300px) 100vw, 300px\" \/><\/a><\/h4>\n<h4><span style=\"font-family: arial, helvetica, sans-serif\">Laborat\u00f3rio de Cinesioterapia<\/span><\/h4>\n<p><a href=\"https:\/\/premusapc-inisa.ufms.br\/files\/2023\/04\/Laboratorio-Cinesioterapia.jpeg\"><img loading=\"lazy\" decoding=\"async\" class=\"alignnone size-medium wp-image-162\" src=\"https:\/\/premusapc-inisa.ufms.br\/files\/2023\/04\/Laboratorio-Cinesioterapia-300x225.jpeg\" alt=\"\" width=\"300\" height=\"225\" srcset=\"https:\/\/premusapc-inisa.ufms.br\/files\/2023\/04\/Laboratorio-Cinesioterapia-300x225.jpeg 300w, https:\/\/premusapc-inisa.ufms.br\/files\/2023\/04\/Laboratorio-Cinesioterapia-768x576.jpeg 768w, https:\/\/premusapc-inisa.ufms.br\/files\/2023\/04\/Laboratorio-Cinesioterapia-427x320.jpeg 427w, https:\/\/premusapc-inisa.ufms.br\/files\/2023\/04\/Laboratorio-Cinesioterapia.jpeg 1024w\" sizes=\"(max-width: 300px) 100vw, 300px\" \/>\u00a0 <\/a><a href=\"https:\/\/premusapc-inisa.ufms.br\/files\/2023\/04\/Laboratorio-Cinesioterapia-2.jpeg\"><img loading=\"lazy\" decoding=\"async\" class=\"alignnone size-medium wp-image-164\" src=\"https:\/\/premusapc-inisa.ufms.br\/files\/2023\/04\/Laboratorio-Cinesioterapia-2-300x225.jpeg\" alt=\"\" width=\"300\" height=\"225\" srcset=\"https:\/\/premusapc-inisa.ufms.br\/files\/2023\/04\/Laboratorio-Cinesioterapia-2-300x225.jpeg 300w, https:\/\/premusapc-inisa.ufms.br\/files\/2023\/04\/Laboratorio-Cinesioterapia-2-768x576.jpeg 768w, https:\/\/premusapc-inisa.ufms.br\/files\/2023\/04\/Laboratorio-Cinesioterapia-2-427x320.jpeg 427w, https:\/\/premusapc-inisa.ufms.br\/files\/2023\/04\/Laboratorio-Cinesioterapia-2.jpeg 1024w\" sizes=\"(max-width: 300px) 100vw, 300px\" \/><\/a><\/p>\n<h4><span style=\"font-family: arial, helvetica, sans-serif\">Laborat\u00f3rio Multiusu\u00e1rio<\/span><\/h4>\n<p><span style=\"font-family: arial, helvetica, sans-serif\"><a href=\"https:\/\/premusapc-inisa.ufms.br\/files\/2023\/04\/Laboratorio-Multisuo.jpeg\"><img loading=\"lazy\" decoding=\"async\" class=\"alignnone size-medium wp-image-165\" src=\"https:\/\/premusapc-inisa.ufms.br\/files\/2023\/04\/Laboratorio-Multisuo-300x225.jpeg\" alt=\"\" width=\"300\" height=\"225\" srcset=\"https:\/\/premusapc-inisa.ufms.br\/files\/2023\/04\/Laboratorio-Multisuo-300x225.jpeg 300w, https:\/\/premusapc-inisa.ufms.br\/files\/2023\/04\/Laboratorio-Multisuo-768x576.jpeg 768w, https:\/\/premusapc-inisa.ufms.br\/files\/2023\/04\/Laboratorio-Multisuo-427x320.jpeg 427w, https:\/\/premusapc-inisa.ufms.br\/files\/2023\/04\/Laboratorio-Multisuo.jpeg 1024w\" sizes=\"(max-width: 300px) 100vw, 300px\" \/><\/a><\/span><\/p>\n<p>&nbsp;<\/p>\n","protected":false},"excerpt":{"rendered":"<p>O Instituto Integrado de Sa\u00fade (Inisa) oferece aos seus Cursos de Gradua\u00e7\u00e3o e de P\u00f3s-Gradua\u00e7\u00e3o Stricto e Latu Sensu laborat\u00f3rios multiprofissionais na \u00e1rea de sa\u00fade com equipamentos modernos e servidoras especializadas na operacionaliza\u00e7\u00e3o dos seus recursos did\u00e1ticos. Laborat\u00f3rio de Habilidades em Enfermagem &#8211; LHE Manequins do LHE Laborat\u00f3rio Tem\u00e1tico de Urg\u00eancia &#8211; LTU Manequins do [&hellip;]<\/p>\n","protected":false},"author":41454,"featured_media":0,"parent":0,"menu_order":0,"comment_status":"closed","ping_status":"closed","template":"","meta":{"footnotes":""},"coauthors":[],"class_list":["post-160","page","type-page","status-publish","hentry"],"_links":{"self":[{"href":"https:\/\/premusapc-inisa.ufms.br\/index.php?rest_route=\/wp\/v2\/pages\/160","targetHints":{"allow":["GET"]}}],"collection":[{"href":"https:\/\/premusapc-inisa.ufms.br\/index.php?rest_route=\/wp\/v2\/pages"}],"about":[{"href":"https:\/\/premusapc-inisa.ufms.br\/index.php?rest_route=\/wp\/v2\/types\/page"}],"author":[{"embeddable":true,"href":"https:\/\/premusapc-inisa.ufms.br\/index.php?rest_route=\/wp\/v2\/users\/41454"}],"replies":[{"embeddable":true,"href":"https:\/\/premusapc-inisa.ufms.br\/index.php?rest_route=%2Fwp%2Fv2%2Fcomments&post=160"}],"version-history":[{"count":4,"href":"https:\/\/premusapc-inisa.ufms.br\/index.php?rest_route=\/wp\/v2\/pages\/160\/revisions"}],"predecessor-version":[{"id":178,"href":"https:\/\/premusapc-inisa.ufms.br\/index.php?rest_route=\/wp\/v2\/pages\/160\/revisions\/178"}],"wp:attachment":[{"href":"https:\/\/premusapc-inisa.ufms.br\/index.php?rest_route=%2Fwp%2Fv2%2Fmedia&parent=160"}],"wp:term":[{"taxonomy":"author","embeddable":true,"href":"https:\/\/premusapc-inisa.ufms.br\/index.php?rest_route=%2Fwp%2Fv2%2Fcoauthors&post=160"}],"curies":[{"name":"wp","href":"https:\/\/api.w.org\/{rel}","templated":true}]}}