{"id":122,"date":"2023-04-13T15:50:22","date_gmt":"2023-04-13T19:50:22","guid":{"rendered":"https:\/\/premusapc-inisa.ufms.br\/?page_id=122"},"modified":"2023-04-13T15:56:26","modified_gmt":"2023-04-13T19:56:26","slug":"secretaria","status":"publish","type":"page","link":"https:\/\/premusapc-inisa.ufms.br\/?page_id=122","title":{"rendered":"Secretaria"},"content":{"rendered":"<h3><span style=\"font-family: arial, helvetica, sans-serif\">Secretaria do Premus-APC<\/span><\/h3>\n<p><span style=\"font-family: arial, helvetica, sans-serif\">De acordo com a Resolu\u00e7\u00e3o CD\/UFMS, de de 2023, s\u00e3o atribui\u00e7\u00f5es desta secretaria:<\/span><\/p>\n<ul>\n<li><span style=\"font-family: arial, helvetica, sans-serif\">Orientar, acompanhar e executar as atividades de controle escolar, no \u00e2mbito do Programa de Resid\u00eancia;<\/span><\/li>\n<li><span style=\"font-family: arial, helvetica, sans-serif\">Orientar, acompanhar e apoiar as atividades de gest\u00e3o acad\u00eamica do Programa de Resid\u00eancia;<\/span><\/li>\n<li><span style=\"font-family: arial, helvetica, sans-serif\">Elaborar relat\u00f3rios gerenciais; e<\/span><\/li>\n<li><span style=\"font-family: arial, helvetica, sans-serif\">Desenvolver outras atividades na sua \u00e1rea de atua\u00e7\u00e3o.<\/span><\/li>\n<\/ul>\n<p>&nbsp;<\/p>\n<h3><span style=\"font-family: arial, helvetica, sans-serif\">Secret\u00e1ria<\/span><\/h3>\n<p><a href=\"https:\/\/premusapc-inisa.ufms.br\/files\/2023\/04\/Foto-Pessoal-DANIEL.jpeg\"><img fetchpriority=\"high\" decoding=\"async\" class=\"alignnone size-medium wp-image-117\" src=\"https:\/\/premusapc-inisa.ufms.br\/files\/2023\/04\/Foto-Pessoal-DANIEL-169x300.jpeg\" alt=\"\" width=\"169\" height=\"300\" srcset=\"https:\/\/premusapc-inisa.ufms.br\/files\/2023\/04\/Foto-Pessoal-DANIEL-169x300.jpeg 169w, https:\/\/premusapc-inisa.ufms.br\/files\/2023\/04\/Foto-Pessoal-DANIEL-180x320.jpeg 180w, https:\/\/premusapc-inisa.ufms.br\/files\/2023\/04\/Foto-Pessoal-DANIEL.jpeg 576w\" sizes=\"(max-width: 169px) 100vw, 169px\" \/><\/a><\/p>\n<p><span style=\"font-family: arial, helvetica, sans-serif\">Isadora dos Reis Estrela Marques<\/span><\/p>\n<p><span style=\"font-family: arial, helvetica, sans-serif\">Assistente em Administra\u00e7\u00e3o<\/span><\/p>\n<p><span style=\"font-family: arial, helvetica, sans-serif\">(67) 3345-7600<\/span><\/p>\n","protected":false},"excerpt":{"rendered":"<p>Secretaria do Premus-APC De acordo com a Resolu\u00e7\u00e3o CD\/UFMS, de de 2023, s\u00e3o atribui\u00e7\u00f5es desta secretaria: Orientar, acompanhar e executar as atividades de controle escolar, no \u00e2mbito do Programa de Resid\u00eancia; Orientar, acompanhar e apoiar as atividades de gest\u00e3o acad\u00eamica do Programa de Resid\u00eancia; Elaborar relat\u00f3rios gerenciais; e Desenvolver outras atividades na sua \u00e1rea de [&hellip;]<\/p>\n","protected":false},"author":41454,"featured_media":0,"parent":0,"menu_order":0,"comment_status":"closed","ping_status":"closed","template":"","meta":{"footnotes":""},"coauthors":[],"class_list":["post-122","page","type-page","status-publish","hentry"],"_links":{"self":[{"href":"https:\/\/premusapc-inisa.ufms.br\/index.php?rest_route=\/wp\/v2\/pages\/122","targetHints":{"allow":["GET"]}}],"collection":[{"href":"https:\/\/premusapc-inisa.ufms.br\/index.php?rest_route=\/wp\/v2\/pages"}],"about":[{"href":"https:\/\/premusapc-inisa.ufms.br\/index.php?rest_route=\/wp\/v2\/types\/page"}],"author":[{"embeddable":true,"href":"https:\/\/premusapc-inisa.ufms.br\/index.php?rest_route=\/wp\/v2\/users\/41454"}],"replies":[{"embeddable":true,"href":"https:\/\/premusapc-inisa.ufms.br\/index.php?rest_route=%2Fwp%2Fv2%2Fcomments&post=122"}],"version-history":[{"count":4,"href":"https:\/\/premusapc-inisa.ufms.br\/index.php?rest_route=\/wp\/v2\/pages\/122\/revisions"}],"predecessor-version":[{"id":126,"href":"https:\/\/premusapc-inisa.ufms.br\/index.php?rest_route=\/wp\/v2\/pages\/122\/revisions\/126"}],"wp:attachment":[{"href":"https:\/\/premusapc-inisa.ufms.br\/index.php?rest_route=%2Fwp%2Fv2%2Fmedia&parent=122"}],"wp:term":[{"taxonomy":"author","embeddable":true,"href":"https:\/\/premusapc-inisa.ufms.br\/index.php?rest_route=%2Fwp%2Fv2%2Fcoauthors&post=122"}],"curies":[{"name":"wp","href":"https:\/\/api.w.org\/{rel}","templated":true}]}}