{"id":119,"date":"2023-04-13T15:33:31","date_gmt":"2023-04-13T19:33:31","guid":{"rendered":"https:\/\/premusapc-inisa.ufms.br\/?page_id=119"},"modified":"2023-04-17T13:33:44","modified_gmt":"2023-04-17T17:33:44","slug":"nossos-servidores","status":"publish","type":"page","link":"https:\/\/premusapc-inisa.ufms.br\/?page_id=119","title":{"rendered":"Nossos Servidores"},"content":{"rendered":"<p><img fetchpriority=\"high\" decoding=\"async\" class=\"alignnone wp-image-117 size-medium\" src=\"https:\/\/premusapc-inisa.ufms.br\/files\/2023\/04\/Foto-Pessoal-DANIEL-169x300.jpeg\" alt=\"\" width=\"169\" height=\"300\" srcset=\"https:\/\/premusapc-inisa.ufms.br\/files\/2023\/04\/Foto-Pessoal-DANIEL-169x300.jpeg 169w, https:\/\/premusapc-inisa.ufms.br\/files\/2023\/04\/Foto-Pessoal-DANIEL-180x320.jpeg 180w, https:\/\/premusapc-inisa.ufms.br\/files\/2023\/04\/Foto-Pessoal-DANIEL.jpeg 576w\" sizes=\"(max-width: 169px) 100vw, 169px\" \/><\/p>\n<h4>Daniel Gilberthy Arruda de Siqueira<\/h4>\n<p>Assistente em Administra\u00e7\u00e3o<\/p>\n<p>Secret\u00e1rio do Premus-APC<\/p>\n","protected":false},"excerpt":{"rendered":"<p>Daniel Gilberthy Arruda de Siqueira Assistente em Administra\u00e7\u00e3o Secret\u00e1rio do Premus-APC<\/p>\n","protected":false},"author":41454,"featured_media":0,"parent":0,"menu_order":0,"comment_status":"closed","ping_status":"closed","template":"","meta":{"footnotes":""},"coauthors":[],"class_list":["post-119","page","type-page","status-publish","hentry"],"_links":{"self":[{"href":"https:\/\/premusapc-inisa.ufms.br\/index.php?rest_route=\/wp\/v2\/pages\/119","targetHints":{"allow":["GET"]}}],"collection":[{"href":"https:\/\/premusapc-inisa.ufms.br\/index.php?rest_route=\/wp\/v2\/pages"}],"about":[{"href":"https:\/\/premusapc-inisa.ufms.br\/index.php?rest_route=\/wp\/v2\/types\/page"}],"author":[{"embeddable":true,"href":"https:\/\/premusapc-inisa.ufms.br\/index.php?rest_route=\/wp\/v2\/users\/41454"}],"replies":[{"embeddable":true,"href":"https:\/\/premusapc-inisa.ufms.br\/index.php?rest_route=%2Fwp%2Fv2%2Fcomments&post=119"}],"version-history":[{"count":3,"href":"https:\/\/premusapc-inisa.ufms.br\/index.php?rest_route=\/wp\/v2\/pages\/119\/revisions"}],"predecessor-version":[{"id":254,"href":"https:\/\/premusapc-inisa.ufms.br\/index.php?rest_route=\/wp\/v2\/pages\/119\/revisions\/254"}],"wp:attachment":[{"href":"https:\/\/premusapc-inisa.ufms.br\/index.php?rest_route=%2Fwp%2Fv2%2Fmedia&parent=119"}],"wp:term":[{"taxonomy":"author","embeddable":true,"href":"https:\/\/premusapc-inisa.ufms.br\/index.php?rest_route=%2Fwp%2Fv2%2Fcoauthors&post=119"}],"curies":[{"name":"wp","href":"https:\/\/api.w.org\/{rel}","templated":true}]}}